{"id":71,"date":"2025-08-16T21:49:47","date_gmt":"2025-08-16T19:49:47","guid":{"rendered":"https:\/\/chroniquesdelapocalypse.com\/?page_id=71"},"modified":"2026-04-18T02:28:35","modified_gmt":"2026-04-18T00:28:35","slug":"festivals","status":"publish","type":"page","link":"https:\/\/chroniquesdelapocalypse.com\/index.php\/festivals\/","title":{"rendered":"Festivals et Conventions"},"content":{"rendered":"\n<p class=\"has-text-align-center has-large-font-size\">Tout au long de l&rsquo;ann\u00e9e 2025, le jeu a accumul\u00e9 un nombre de s\u00e9lections apocalyptique !<\/p>\n\n\n\n<figure class=\"wp-block-gallery has-nested-images columns-default is-cropped wp-block-gallery-1 is-layout-flex wp-block-gallery-is-layout-flex\">\n<figure class=\"wp-block-image size-full\"><a href=\"https:\/\/www.placeauxjeux-grenoble.org\/protopaj\/editions-precedentes\/\"><img loading=\"lazy\" decoding=\"async\" width=\"691\" height=\"707\" data-id=\"72\" src=\"https:\/\/chroniquesdelapocalypse.com\/wp-content\/uploads\/2025\/08\/logo-paj-vectoriel-transparent.gif\" alt=\"S\u00e9lection Place aux Jeux 2025 (Grenoble)\" class=\"wp-image-72\"\/><\/a><\/figure>\n\n\n\n<figure class=\"wp-block-image size-full\"><a href=\"https:\/\/jdd.alchimiedujeu.fr\/proto\/les-chroniques-de-lapocalypse\/\"><img loading=\"lazy\" decoding=\"async\" width=\"600\" height=\"600\" data-id=\"73\" src=\"https:\/\/chroniquesdelapocalypse.com\/wp-content\/uploads\/2025\/08\/Alchimie_logo-titre-orange_trans.png\" alt=\"S\u00e9lection Alchimie du Jeu 2025 (Toulouse)\" class=\"wp-image-73\" srcset=\"https:\/\/chroniquesdelapocalypse.com\/wp-content\/uploads\/2025\/08\/Alchimie_logo-titre-orange_trans.png 600w, https:\/\/chroniquesdelapocalypse.com\/wp-content\/uploads\/2025\/08\/Alchimie_logo-titre-orange_trans-300x300.png 300w, https:\/\/chroniquesdelapocalypse.com\/wp-content\/uploads\/2025\/08\/Alchimie_logo-titre-orange_trans-150x150.png 150w\" sizes=\"auto, (max-width: 600px) 100vw, 600px\" \/><\/a><\/figure>\n\n\n\n<figure class=\"wp-block-image size-full\"><a href=\"https:\/\/parisestludique.fr\/les-espaces-benevoles\/jeux-de-demain\/\"><img loading=\"lazy\" decoding=\"async\" width=\"650\" height=\"650\" data-id=\"91\" src=\"https:\/\/chroniquesdelapocalypse.com\/wp-content\/uploads\/2025\/08\/LogoPEL-2025.png\" alt=\"S\u00e9lection Paris est Ludique 2025 (Paris)\" class=\"wp-image-91\" srcset=\"https:\/\/chroniquesdelapocalypse.com\/wp-content\/uploads\/2025\/08\/LogoPEL-2025.png 650w, https:\/\/chroniquesdelapocalypse.com\/wp-content\/uploads\/2025\/08\/LogoPEL-2025-300x300.png 300w, https:\/\/chroniquesdelapocalypse.com\/wp-content\/uploads\/2025\/08\/LogoPEL-2025-150x150.png 150w\" sizes=\"auto, (max-width: 650px) 100vw, 650px\" \/><\/a><\/figure>\n<\/figure>\n\n\n\n<figure class=\"wp-block-gallery has-nested-images columns-default is-cropped wp-block-gallery-2 is-layout-flex wp-block-gallery-is-layout-flex\">\n<figure class=\"wp-block-image size-full\"><a href=\"https:\/\/www.facebook.com\/p\/Festival-Faites-du-Jeu-61557068304832\/\"><img loading=\"lazy\" decoding=\"async\" width=\"363\" height=\"363\" data-id=\"95\" src=\"https:\/\/chroniquesdelapocalypse.com\/wp-content\/uploads\/2025\/08\/logo-faites-du-jeu-1.png\" alt=\"Faites du Jeu 2025 (Paris)\" class=\"wp-image-95\" srcset=\"https:\/\/chroniquesdelapocalypse.com\/wp-content\/uploads\/2025\/08\/logo-faites-du-jeu-1.png 363w, https:\/\/chroniquesdelapocalypse.com\/wp-content\/uploads\/2025\/08\/logo-faites-du-jeu-1-300x300.png 300w, https:\/\/chroniquesdelapocalypse.com\/wp-content\/uploads\/2025\/08\/logo-faites-du-jeu-1-150x150.png 150w\" sizes=\"auto, (max-width: 363px) 100vw, 363px\" \/><\/a><\/figure>\n\n\n\n<figure class=\"wp-block-image size-large\"><a href=\"https:\/\/brusselsgamesfestival.be\/fr\/accueil\/\"><img loading=\"lazy\" decoding=\"async\" width=\"512\" height=\"512\" data-id=\"86\" src=\"https:\/\/chroniquesdelapocalypse.com\/wp-content\/uploads\/2025\/08\/Logo-BGF-2024.png\" alt=\"S\u00e9lection Brussels Games Festival 2025 (Bruxelles)\" class=\"wp-image-86\" srcset=\"https:\/\/chroniquesdelapocalypse.com\/wp-content\/uploads\/2025\/08\/Logo-BGF-2024.png 512w, https:\/\/chroniquesdelapocalypse.com\/wp-content\/uploads\/2025\/08\/Logo-BGF-2024-300x300.png 300w, https:\/\/chroniquesdelapocalypse.com\/wp-content\/uploads\/2025\/08\/Logo-BGF-2024-150x150.png 150w\" sizes=\"auto, (max-width: 512px) 100vw, 512px\" \/><\/a><\/figure>\n\n\n\n<figure class=\"wp-block-image size-full\"><a href=\"https:\/\/octogones.org\/poles-jeu\/les-prix\/le-prix-protogones\/\"><img loading=\"lazy\" decoding=\"async\" width=\"950\" height=\"950\" data-id=\"88\" src=\"https:\/\/chroniquesdelapocalypse.com\/wp-content\/uploads\/2025\/08\/logo_icone-OG-black.png\" alt=\"S\u00e9lection Protogones 2025 Initi\u00e9s (Lyon - Villeurbanne)\" class=\"wp-image-88\" srcset=\"https:\/\/chroniquesdelapocalypse.com\/wp-content\/uploads\/2025\/08\/logo_icone-OG-black.png 950w, https:\/\/chroniquesdelapocalypse.com\/wp-content\/uploads\/2025\/08\/logo_icone-OG-black-300x300.png 300w, https:\/\/chroniquesdelapocalypse.com\/wp-content\/uploads\/2025\/08\/logo_icone-OG-black-150x150.png 150w, https:\/\/chroniquesdelapocalypse.com\/wp-content\/uploads\/2025\/08\/logo_icone-OG-black-768x768.png 768w\" sizes=\"auto, (max-width: 950px) 100vw, 950px\" \/><\/a><\/figure>\n<\/figure>\n\n\n\n<figure class=\"wp-block-gallery has-nested-images columns-default is-cropped wp-block-gallery-3 is-layout-flex wp-block-gallery-is-layout-flex\">\n<figure class=\"wp-block-image size-large\"><a href=\"https:\/\/orleans-joue.fr\/selection-protozone-2025\/\"><img loading=\"lazy\" decoding=\"async\" width=\"840\" height=\"840\" data-id=\"101\" src=\"https:\/\/chroniquesdelapocalypse.com\/wp-content\/uploads\/2025\/08\/logo-du-festival-1.png\" alt=\"S\u00e9lection Orl\u00e9ans Joue 2025 (Orl\u00e9ans)\" class=\"wp-image-101\" srcset=\"https:\/\/chroniquesdelapocalypse.com\/wp-content\/uploads\/2025\/08\/logo-du-festival-1.png 840w, https:\/\/chroniquesdelapocalypse.com\/wp-content\/uploads\/2025\/08\/logo-du-festival-1-300x300.png 300w, https:\/\/chroniquesdelapocalypse.com\/wp-content\/uploads\/2025\/08\/logo-du-festival-1-150x150.png 150w, https:\/\/chroniquesdelapocalypse.com\/wp-content\/uploads\/2025\/08\/logo-du-festival-1-768x768.png 768w\" sizes=\"auto, (max-width: 840px) 100vw, 840px\" \/><\/a><\/figure>\n\n\n\n<figure class=\"wp-block-image size-large\"><a href=\"https:\/\/soissonsgamefest.fr\/chroniques-apocalypse\/\"><img loading=\"lazy\" decoding=\"async\" width=\"320\" height=\"320\" data-id=\"102\" src=\"https:\/\/chroniquesdelapocalypse.com\/wp-content\/uploads\/2025\/08\/logo-final.png\" alt=\"Soissons Game Fest 2025 (Soissons)\" class=\"wp-image-102\" srcset=\"https:\/\/chroniquesdelapocalypse.com\/wp-content\/uploads\/2025\/08\/logo-final.png 320w, https:\/\/chroniquesdelapocalypse.com\/wp-content\/uploads\/2025\/08\/logo-final-300x300.png 300w, https:\/\/chroniquesdelapocalypse.com\/wp-content\/uploads\/2025\/08\/logo-final-150x150.png 150w\" sizes=\"auto, (max-width: 320px) 100vw, 320px\" \/><\/a><\/figure>\n<\/figure>\n\n\n\n<div class=\"wp-block-group has-global-padding is-layout-constrained wp-block-group-is-layout-constrained\">\n<div class=\"wp-block-columns is-layout-flex wp-container-core-columns-is-layout-28f84493 wp-block-columns-is-layout-flex\">\n<div class=\"wp-block-column is-layout-flow wp-block-column-is-layout-flow\" style=\"flex-basis:100%\">\n<figure class=\"wp-block-gallery aligncenter has-nested-images columns-default is-cropped wp-block-gallery-4 is-layout-flex wp-block-gallery-is-layout-flex\">\n<figure class=\"wp-block-image size-large is-resized\"><a href=\"https:\/\/www.instagram.com\/p\/DQOfVudDD6k\/\"><img loading=\"lazy\" decoding=\"async\" width=\"808\" height=\"840\" data-id=\"266\" src=\"https:\/\/chroniquesdelapocalypse.com\/wp-content\/uploads\/2025\/11\/logo-levaldesjeux.png\" alt=\"\" class=\"wp-image-266\" style=\"width:344px;height:auto\" srcset=\"https:\/\/chroniquesdelapocalypse.com\/wp-content\/uploads\/2025\/11\/logo-levaldesjeux.png 808w, https:\/\/chroniquesdelapocalypse.com\/wp-content\/uploads\/2025\/11\/logo-levaldesjeux-289x300.png 289w, https:\/\/chroniquesdelapocalypse.com\/wp-content\/uploads\/2025\/11\/logo-levaldesjeux-768x798.png 768w\" sizes=\"auto, (max-width: 808px) 100vw, 808px\" \/><\/a><\/figure>\n\n\n\n<figure class=\"wp-block-image size-large is-resized\"><a href=\"https:\/\/larmorpion.fr\/\"><img loading=\"lazy\" decoding=\"async\" width=\"1024\" height=\"649\" data-id=\"272\" src=\"https:\/\/chroniquesdelapocalypse.com\/wp-content\/uploads\/2025\/11\/cropped-LOGO-LARMORPIONd-1-1024x649.png\" alt=\"\" class=\"wp-image-272\" style=\"width:529px;height:auto\" srcset=\"https:\/\/chroniquesdelapocalypse.com\/wp-content\/uploads\/2025\/11\/cropped-LOGO-LARMORPIONd-1-1024x649.png 1024w, https:\/\/chroniquesdelapocalypse.com\/wp-content\/uploads\/2025\/11\/cropped-LOGO-LARMORPIONd-1-300x190.png 300w, https:\/\/chroniquesdelapocalypse.com\/wp-content\/uploads\/2025\/11\/cropped-LOGO-LARMORPIONd-1-768x486.png 768w, https:\/\/chroniquesdelapocalypse.com\/wp-content\/uploads\/2025\/11\/cropped-LOGO-LARMORPIONd-1-1536x973.png 1536w, https:\/\/chroniquesdelapocalypse.com\/wp-content\/uploads\/2025\/11\/cropped-LOGO-LARMORPIONd-1-2048x1297.png 2048w\" sizes=\"auto, (max-width: 1024px) 100vw, 1024px\" \/><\/a><\/figure>\n<\/figure>\n<\/div>\n<\/div>\n<\/div>\n\n\n\n<p><\/p>\n\n\n\n<p class=\"has-text-align-center\">Et le marathon continue en 2026 !<\/p>\n\n\n\n<div class=\"wp-block-group is-nowrap is-layout-flex wp-container-core-group-is-layout-6c531013 wp-block-group-is-layout-flex\">\n<div class=\"wp-block-group has-global-padding is-layout-constrained wp-block-group-is-layout-constrained\">\n<div class=\"wp-block-columns is-layout-flex wp-container-core-columns-is-layout-28f84493 wp-block-columns-is-layout-flex\">\n<div class=\"wp-block-column is-layout-flow wp-block-column-is-layout-flow\" style=\"flex-basis:100%\">\n<figure class=\"wp-block-gallery has-nested-images columns-default is-cropped wp-block-gallery-5 is-layout-flex wp-block-gallery-is-layout-flex\">\n<figure class=\"wp-block-image size-large is-resized\"><a href=\"https:\/\/ludivaux.fr\/\"><img loading=\"lazy\" decoding=\"async\" width=\"1024\" height=\"576\" data-id=\"276\" src=\"https:\/\/chroniquesdelapocalypse.com\/wp-content\/uploads\/2026\/04\/logo_ludivaux-1024x576.webp\" alt=\"Festival Ludi'Vaux 2026\" class=\"wp-image-276\" style=\"width:431px;height:auto\" srcset=\"https:\/\/chroniquesdelapocalypse.com\/wp-content\/uploads\/2026\/04\/logo_ludivaux-1024x576.webp 1024w, https:\/\/chroniquesdelapocalypse.com\/wp-content\/uploads\/2026\/04\/logo_ludivaux-300x169.webp 300w, https:\/\/chroniquesdelapocalypse.com\/wp-content\/uploads\/2026\/04\/logo_ludivaux-768x432.webp 768w, https:\/\/chroniquesdelapocalypse.com\/wp-content\/uploads\/2026\/04\/logo_ludivaux.webp 1280w\" sizes=\"auto, (max-width: 1024px) 100vw, 1024px\" \/><\/a><\/figure>\n<\/figure>\n<\/div>\n<\/div>\n<\/div>\n\n\n\n<figure class=\"wp-block-image size-large is-resized\"><a href=\"https:\/\/www.ludiverse-paris.com\/protozone\"><img loading=\"lazy\" decoding=\"async\" width=\"1024\" height=\"615\" src=\"https:\/\/chroniquesdelapocalypse.com\/wp-content\/uploads\/2026\/04\/logo-Ludiverse-2026-1-1024x615.png\" alt=\"Festival Ludiverse 2026 - Paris Montreuil Expo\" class=\"wp-image-278\" style=\"width:490px;height:auto\" srcset=\"https:\/\/chroniquesdelapocalypse.com\/wp-content\/uploads\/2026\/04\/logo-Ludiverse-2026-1-1024x615.png 1024w, https:\/\/chroniquesdelapocalypse.com\/wp-content\/uploads\/2026\/04\/logo-Ludiverse-2026-1-300x180.png 300w, https:\/\/chroniquesdelapocalypse.com\/wp-content\/uploads\/2026\/04\/logo-Ludiverse-2026-1-768x461.png 768w, https:\/\/chroniquesdelapocalypse.com\/wp-content\/uploads\/2026\/04\/logo-Ludiverse-2026-1.png 1246w\" sizes=\"auto, (max-width: 1024px) 100vw, 1024px\" \/><\/a><\/figure>\n<\/div>\n\n\n\n<p class=\"has-text-align-center\">Ne manquez pas nos prochains rendez-vous !<\/p>\n\n\n\n<figure class=\"wp-block-gallery has-nested-images columns-default is-cropped wp-block-gallery-6 is-layout-flex wp-block-gallery-is-layout-flex\">\n<figure class=\"wp-block-image size-large is-resized\"><a href=\"https:\/\/barajeuxsgdb.org\/festival-du-jeu-de-lorge\/\"><img loading=\"lazy\" decoding=\"async\" width=\"726\" height=\"1024\" data-id=\"279\" src=\"https:\/\/chroniquesdelapocalypse.com\/wp-content\/uploads\/2026\/04\/Festival-Jeu-de-lOrge-sainte-genevieve-des-bois-2026-726x1024.png\" alt=\"Festival du Jeu de l'Orge 2026\" class=\"wp-image-279\" style=\"width:570px;height:auto\" srcset=\"https:\/\/chroniquesdelapocalypse.com\/wp-content\/uploads\/2026\/04\/Festival-Jeu-de-lOrge-sainte-genevieve-des-bois-2026-726x1024.png 726w, https:\/\/chroniquesdelapocalypse.com\/wp-content\/uploads\/2026\/04\/Festival-Jeu-de-lOrge-sainte-genevieve-des-bois-2026-213x300.png 213w, https:\/\/chroniquesdelapocalypse.com\/wp-content\/uploads\/2026\/04\/Festival-Jeu-de-lOrge-sainte-genevieve-des-bois-2026-768x1084.png 768w, https:\/\/chroniquesdelapocalypse.com\/wp-content\/uploads\/2026\/04\/Festival-Jeu-de-lOrge-sainte-genevieve-des-bois-2026-1089x1536.png 1089w, https:\/\/chroniquesdelapocalypse.com\/wp-content\/uploads\/2026\/04\/Festival-Jeu-de-lOrge-sainte-genevieve-des-bois-2026.png 1090w\" sizes=\"auto, (max-width: 726px) 100vw, 726px\" \/><\/a><\/figure>\n\n\n\n<figure class=\"wp-block-image size-large is-resized\"><a href=\"https:\/\/laseineludique.fr\/partenaires\/#auteurs\"><img loading=\"lazy\" decoding=\"async\" width=\"393\" height=\"558\" data-id=\"280\" src=\"https:\/\/chroniquesdelapocalypse.com\/wp-content\/uploads\/2026\/04\/la-seine-ludique-juvizy.png\" alt=\"Festival de Jeux La Seine Ludique\" class=\"wp-image-280\" style=\"width:569px;height:auto\" srcset=\"https:\/\/chroniquesdelapocalypse.com\/wp-content\/uploads\/2026\/04\/la-seine-ludique-juvizy.png 393w, https:\/\/chroniquesdelapocalypse.com\/wp-content\/uploads\/2026\/04\/la-seine-ludique-juvizy-211x300.png 211w\" sizes=\"auto, (max-width: 393px) 100vw, 393px\" \/><\/a><\/figure>\n\n\n\n<figure class=\"wp-block-image size-full is-resized\"><a href=\"https:\/\/floraisonsludiques.wixsite.com\/monsite\"><img loading=\"lazy\" decoding=\"async\" width=\"646\" height=\"914\" data-id=\"281\" src=\"https:\/\/chroniquesdelapocalypse.com\/wp-content\/uploads\/2026\/04\/affiche-floraisons-ludiques-2026.png\" alt=\"Festival Floraisons Ludiques 2026\" class=\"wp-image-281\" style=\"width:569px;height:auto\" srcset=\"https:\/\/chroniquesdelapocalypse.com\/wp-content\/uploads\/2026\/04\/affiche-floraisons-ludiques-2026.png 646w, https:\/\/chroniquesdelapocalypse.com\/wp-content\/uploads\/2026\/04\/affiche-floraisons-ludiques-2026-212x300.png 212w\" sizes=\"auto, (max-width: 646px) 100vw, 646px\" \/><\/a><\/figure>\n<\/figure>\n","protected":false},"excerpt":{"rendered":"<p>Tout au long de l&rsquo;ann\u00e9e 2025, le jeu a accumul\u00e9 un nombre de s\u00e9lections apocalyptique ! Et le marathon continue en 2026 ! Ne manquez pas nos prochains rendez-vous !<\/p>\n","protected":false},"author":1,"featured_media":0,"parent":0,"menu_order":0,"comment_status":"closed","ping_status":"closed","template":"","meta":{"_monsterinsights_skip_tracking":false,"_monsterinsights_sitenote_active":false,"_monsterinsights_sitenote_note":"","_monsterinsights_sitenote_category":0,"footnotes":""},"class_list":["post-71","page","type-page","status-publish","hentry"],"aioseo_notices":[],"_links":{"self":[{"href":"https:\/\/chroniquesdelapocalypse.com\/index.php\/wp-json\/wp\/v2\/pages\/71","targetHints":{"allow":["GET"]}}],"collection":[{"href":"https:\/\/chroniquesdelapocalypse.com\/index.php\/wp-json\/wp\/v2\/pages"}],"about":[{"href":"https:\/\/chroniquesdelapocalypse.com\/index.php\/wp-json\/wp\/v2\/types\/page"}],"author":[{"embeddable":true,"href":"https:\/\/chroniquesdelapocalypse.com\/index.php\/wp-json\/wp\/v2\/users\/1"}],"replies":[{"embeddable":true,"href":"https:\/\/chroniquesdelapocalypse.com\/index.php\/wp-json\/wp\/v2\/comments?post=71"}],"version-history":[{"count":16,"href":"https:\/\/chroniquesdelapocalypse.com\/index.php\/wp-json\/wp\/v2\/pages\/71\/revisions"}],"predecessor-version":[{"id":286,"href":"https:\/\/chroniquesdelapocalypse.com\/index.php\/wp-json\/wp\/v2\/pages\/71\/revisions\/286"}],"wp:attachment":[{"href":"https:\/\/chroniquesdelapocalypse.com\/index.php\/wp-json\/wp\/v2\/media?parent=71"}],"curies":[{"name":"wp","href":"https:\/\/api.w.org\/{rel}","templated":true}]}}