{"id":236,"date":"2025-08-18T12:13:46","date_gmt":"2025-08-18T10:13:46","guid":{"rendered":"https:\/\/chroniquesdelapocalypse.com\/?page_id=236"},"modified":"2025-08-18T12:24:24","modified_gmt":"2025-08-18T10:24:24","slug":"les-lieux-mysterieux","status":"publish","type":"page","link":"https:\/\/chroniquesdelapocalypse.com\/index.php\/les-lieux-mysterieux\/","title":{"rendered":"Les Lieux Myst\u00e9rieux"},"content":{"rendered":"\n<p class=\"has-text-align-center\">Les <strong>Lieux Myst\u00e9rieux <\/strong>constituent la partie narrative des<strong> Chroniques de l&rsquo;Apocalypse<\/strong>.<\/p>\n\n\n\n<p class=\"has-text-align-center\">Au cours de leurs explorations, les joueurs survivants peuvent visiter des Lieux Myst\u00e9rieux. Ils doivent alors d\u00e9couvrir de quoi sera fait leur destin en consultant le livret d\u00e9di\u00e9, dont voici les premi\u00e8res pages :<\/p>\n\n\n\n<div class=\"_3d-flip-book  fb3d-fullscreen-mode full-size\" data-id=\"233\" data-mode=\"fullscreen\" data-title=\"false\" data-template=\"short-white-book-view\" data-lightbox=\"dark-shadow\" data-urlparam=\"fb3d-page\" data-page-n=\"0\" data-pdf=\"\" data-tax=\"null\" data-thumbnail=\"\" data-cols=\"3\" data-book-template=\"default\" data-trigger=\"\"><\/div><script type=\"text\/javascript\">window.FB3D_CLIENT_DATA = window.FB3D_CLIENT_DATA || [];FB3D_CLIENT_DATA.push('eyJwb3N0cyI6eyIyMzMiOnsiSUQiOjIzMywidGl0bGUiOiJMaXZyZXQgZGVzIExpZXV4IE15c3RcdTAwZTlyaWV1eCAoZXh0cmFpdCkiLCJ0eXBlIjoicGRmIiwicmVhZHlfZnVuY3Rpb24iOiIiLCJib29rX3N0eWxlIjoidm9sdW1lLXBhZGRpbmdzLXVucm9sbGluZyIsImJvb2tfdGVtcGxhdGUiOiJub25lIiwib3V0bGluZSI6W10sImRhdGEiOnsicG9zdF9JRCI6IjI0MCIsImd1aWQiOiJodHRwOlwvXC9jaHJvbmlxdWVzZGVsYXBvY2FseXBzZS5jb21cL3dwLWNvbnRlbnRcL3VwbG9hZHNcLzIwMjVcLzA4XC9MZXMtQ2hyb25pcXVlcy1kZS1sQXBvY2FseXBzZS1MZXMtbGlldXgtbXlzdGVyaWV1eC1leHRyYWl0X2NvbXByZXNzZWQucGRmIiwicGRmX3BhZ2VzIjoiMTUiLCJwYWdlc19jdXN0b21pemF0aW9uIjoibm9uZSJ9LCJ0aHVtYm5haWwiOnsiZGF0YSI6eyJwb3N0X0lEIjoiMjM0In0sInR5cGUiOiJtZWRpYUltYWdlIn0sInByb3BzIjp7ImJhY2tncm91bmRDb2xvciI6ImF1dG8iLCJiYWNrZ3JvdW5kSW1hZ2UiOiJhdXRvIiwiYmFja2dyb3VuZFN0eWxlIjoiYXV0byIsImhpZ2hsaWdodExpbmtzIjoiYXV0byIsImxpZ2h0aW5nIjoiYXV0byIsInNpbmdsZVBhZ2VNb2RlIjoiYXV0byIsImNhY2hlZFBhZ2VzIjoiYXV0byIsInJlbmRlckluYWN0aXZlUGFnZXMiOiJhdXRvIiwicmVuZGVySW5hY3RpdmVQYWdlc09uTW9iaWxlIjoiYXV0byIsInJlbmRlcldoaWxlRmxpcHBpbmciOiJhdXRvIiwicHJlbG9hZFBhZ2VzIjoiYXV0byIsImF1dG9QbGF5RHVyYXRpb24iOiJhdXRvIiwicnRsIjoiYXV0byIsImludGVyYWN0aXZlQ29ybmVycyI6ImF1dG8iLCJtYXhEZXB0aCI6ImF1dG8iLCJzaGVldCI6eyJzdGFydFZlbG9jaXR5IjoiYXV0byIsIndhdmUiOiJhdXRvIiwic2hhcGUiOiJhdXRvIiwid2lkdGhUZXhlbHMiOiJhdXRvIiwiY29sb3IiOiJhdXRvIiwic2lkZSI6ImF1dG8iLCJzdHJldGNoSW1hZ2VzIjoiYXV0byIsImNvcm5lckRldmlhdGlvbiI6ImF1dG8iLCJmbGV4aWJpbGl0eSI6ImF1dG8iLCJmbGV4aWJsZUNvcm5lciI6ImF1dG8iLCJiZW5kaW5nIjoiYXV0byIsImhlaWdodFRleGVscyI6ImF1dG8ifSwiY292ZXIiOnsid2F2ZSI6ImF1dG8iLCJjb2xvciI6ImF1dG8iLCJzaWRlIjoiYXV0byIsInN0cmV0Y2hJbWFnZXMiOiJhdXRvIiwiYmluZGVyVGV4dHVyZSI6ImF1dG8iLCJkZXB0aCI6ImF1dG8iLCJwYWRkaW5nIjoiYXV0byIsInN0YXJ0VmVsb2NpdHkiOiJhdXRvIiwiZmxleGliaWxpdHkiOiJhdXRvIiwiZmxleGlibGVDb3JuZXIiOiJhdXRvIiwiYmVuZGluZyI6ImF1dG8iLCJ3aWR0aFRleGVscyI6ImF1dG8iLCJoZWlnaHRUZXhlbHMiOiJhdXRvIiwibWFzcyI6ImF1dG8iLCJzaGFwZSI6ImF1dG8ifSwicGFnZSI6eyJ3YXZlIjoiYXV0byIsImNvbG9yIjoiYXV0byIsInNpZGUiOiJhdXRvIiwic3RyZXRjaEltYWdlcyI6ImF1dG8iLCJkZXB0aCI6ImF1dG8iLCJzdGFydFZlbG9jaXR5IjoiYXV0byIsImZsZXhpYmlsaXR5IjoiYXV0byIsImZsZXhpYmxlQ29ybmVyIjoiYXV0byIsImJlbmRpbmciOiJhdXRvIiwid2lkdGhUZXhlbHMiOiJhdXRvIiwiaGVpZ2h0VGV4ZWxzIjoiYXV0byIsIm1hc3MiOiJhdXRvIiwic2hhcGUiOiJhdXRvIn0sImhlaWdodCI6ImF1dG8iLCJ3aWR0aCI6ImF1dG8iLCJncmF2aXR5IjoiYXV0byIsInBhZ2VzRm9yUHJlZGljdGluZyI6ImF1dG8ifSwiY29udHJvbFByb3BzIjp7ImFjdGlvbnMiOnsiY21kVG9jIjp7ImVuYWJsZWQiOiJhdXRvIiwiZW5hYmxlZEluTmFycm93IjoiYXV0byIsImFjdGl2ZSI6ImF1dG8iLCJkZWZhdWx0VGFiIjoiYXV0byJ9LCJjbWRBdXRvUGxheSI6eyJlbmFibGVkIjoiYXV0byIsImVuYWJsZWRJbk5hcnJvdyI6ImF1dG8iLCJhY3RpdmUiOiJhdXRvIn0sImNtZFNhdmUiOnsiZW5hYmxlZCI6ImF1dG8iLCJlbmFibGVkSW5OYXJyb3ciOiJhdXRvIn0sImNtZFByaW50Ijp7ImVuYWJsZWQiOiJhdXRvIiwiZW5hYmxlZEluTmFycm93IjoiYXV0byJ9LCJjbWRTaW5nbGVQYWdlIjp7ImVuYWJsZWQiOiJhdXRvIiwiZW5hYmxlZEluTmFycm93IjoiYXV0byIsImFjdGl2ZSI6ImF1dG8iLCJhY3RpdmVGb3JNb2JpbGUiOiJhdXRvIn0sIndpZFRvb2xiYXIiOnsiZW5hYmxlZCI6ImF1dG8iLCJlbmFibGVkSW5OYXJyb3ciOiJhdXRvIn19fSwiYXV0b1RodW1ibmFpbCI6bnVsbCwicG9zdF9uYW1lIjoibGVzLWxpZXV4LW15c3RlcmlldXgtZXh0cmFpdCIsInBvc3RfdHlwZSI6IjNkLWZsaXAtYm9vayJ9fSwicGFnZXMiOltdLCJmaXJzdFBhZ2VzIjpbXX0=');window.FB3D_CLIENT_LOCALE && FB3D_CLIENT_LOCALE.render && FB3D_CLIENT_LOCALE.render();<\/script>\n\n\n\n<p><\/p>\n\n\n\n<p class=\"has-text-align-center\"><strong><em>Ceci n&rsquo;est qu&rsquo;un avant-go\u00fbt des 20 Lieux Myst\u00e9rieux que vous d\u00e9couvrirez dans le jeu ! <\/em><\/strong><\/p>\n\n\n\n<p><\/p>\n","protected":false},"excerpt":{"rendered":"<p>Les Lieux Myst\u00e9rieux constituent la partie narrative des Chroniques de l&rsquo;Apocalypse. Au cours de leurs explorations, les joueurs survivants peuvent visiter des Lieux Myst\u00e9rieux. Ils doivent alors d\u00e9couvrir de quoi sera fait leur destin en consultant le livret d\u00e9di\u00e9, dont voici les premi\u00e8res pages : Ceci n&rsquo;est qu&rsquo;un avant-go\u00fbt des 20 Lieux Myst\u00e9rieux que vous [&hellip;]<\/p>\n","protected":false},"author":1,"featured_media":0,"parent":0,"menu_order":0,"comment_status":"closed","ping_status":"closed","template":"","meta":{"_monsterinsights_skip_tracking":false,"_monsterinsights_sitenote_active":false,"_monsterinsights_sitenote_note":"","_monsterinsights_sitenote_category":0,"footnotes":""},"class_list":["post-236","page","type-page","status-publish","hentry"],"aioseo_notices":[],"_links":{"self":[{"href":"https:\/\/chroniquesdelapocalypse.com\/index.php\/wp-json\/wp\/v2\/pages\/236","targetHints":{"allow":["GET"]}}],"collection":[{"href":"https:\/\/chroniquesdelapocalypse.com\/index.php\/wp-json\/wp\/v2\/pages"}],"about":[{"href":"https:\/\/chroniquesdelapocalypse.com\/index.php\/wp-json\/wp\/v2\/types\/page"}],"author":[{"embeddable":true,"href":"https:\/\/chroniquesdelapocalypse.com\/index.php\/wp-json\/wp\/v2\/users\/1"}],"replies":[{"embeddable":true,"href":"https:\/\/chroniquesdelapocalypse.com\/index.php\/wp-json\/wp\/v2\/comments?post=236"}],"version-history":[{"count":2,"href":"https:\/\/chroniquesdelapocalypse.com\/index.php\/wp-json\/wp\/v2\/pages\/236\/revisions"}],"predecessor-version":[{"id":242,"href":"https:\/\/chroniquesdelapocalypse.com\/index.php\/wp-json\/wp\/v2\/pages\/236\/revisions\/242"}],"wp:attachment":[{"href":"https:\/\/chroniquesdelapocalypse.com\/index.php\/wp-json\/wp\/v2\/media?parent=236"}],"curies":[{"name":"wp","href":"https:\/\/api.w.org\/{rel}","templated":true}]}}