{"id":228,"date":"2025-08-18T03:34:29","date_gmt":"2025-08-18T01:34:29","guid":{"rendered":"https:\/\/chroniquesdelapocalypse.com\/?page_id=228"},"modified":"2025-08-18T03:43:25","modified_gmt":"2025-08-18T01:43:25","slug":"le-bestiaire-zombie","status":"publish","type":"page","link":"https:\/\/chroniquesdelapocalypse.com\/index.php\/le-bestiaire-zombie\/","title":{"rendered":"Le bestiaire Zombie"},"content":{"rendered":"\n<p class=\"has-text-align-center\">Voici quelques exemples de zombies et autres cr\u00e9atures que tu pourrais croiser sur ta route en jouant aux <strong>Chroniques de l&rsquo;Apocalypse<\/strong> :<\/p>\n\n\n\n<p><strong><strong><div style=\"height:1px;width:1px;overflow:hidden;position:absolute;left:-99999px;top:-99999px\"><img decoding=\"async\" src=\"https:\/\/chroniquesdelapocalypse.com\/wp-content\/uploads\/2025\/08\/carte_zombie_verso_avec_arrondi-686x1024.png\" \/><\/div><!-- Oracle Cards, Emotional Online Storytelling --><div id=\"oc-deck-9-69f0b88972959\" class=\"oracle-cards-wrapper eos-cards-pickable-single\" style=\"padding-top:20px\" data-type=\"folding_fan\" data-card_width=\"354\" data-ratio=\"1.53\" data-direction=\"left\" data-show_title=\"true\" data-title_alignment=\"center\" data-ajax_loader=\"https:\/\/chroniquesdelapocalypse.com\/wp-content\/plugins\/oracle-cards\/assets-1.5.0\/img\/ajax-loader.gif\" data-ajaxurl=\"https:\/\/chroniquesdelapocalypse.com\/wp-admin\/admin-ajax.php\" data-is_admin_preview=\"\" data-deck_from=\"930\" data-clicked=\"0\" data-deck=\"9\" data-deck_type=\"folding_fan\" data-deck_from=\"930\" data-show_title=\"true\" data-title_alignment=\"center\" data-custom_back_id=\"215\" data-space_top=\"20\" data-space_top_text=\"20\" data-space_top_button=\"20\" data-maxnumber=\"35\" data-distance=\"3\" data-maxmargin=\"400\" data-maxrand=\"100\" data-on_mobile=\"show\" data-uniqid=\"69f0b88971c15\"\" ><div class=\"oracle-cards\"><div class=\"eos-cards-deck-wrp eos-cards-fan\" style=\"position:relative;height:0\"><div class=\"card-back-wrp\" style=\"visibility:hidden;position:relative\"><div id=\"eos-card-0\" data-ID=\"227\" data-front_src=\"https:\/\/chroniquesdelapocalypse.com\/wp-content\/uploads\/2025\/08\/zombie_17_rodeur_dandy-x2_trans.png\" data-title=\"R\u00d4DEUR DANDY\" data-link=\"\" class=\"eos-card card-in-deck\" style=\"visibility:hidden;cursor:pointer;z-index:999;width:354px;position:absolute;top:20px;left:50%;margin-left:117.2px;margin-top:-3px\"><img loading=\"lazy\" decoding=\"async\" style=\"transform:rotate(-15deg)\" class=\"card-back-img\" width=\"354\" height=\"543\" alt=\"R\u00d4DEUR DANDY\" src=\"https:\/\/chroniquesdelapocalypse.com\/wp-content\/uploads\/2025\/08\/carte_zombie_verso_avec_arrondi-686x1024.png\" \/><img loading=\"lazy\" decoding=\"async\" class=\"card-front-img\" data-uniqid=\"69f0b88971c15\" data-border_radius=\"\" style=\"transform:rotate(-15deg) scaleX(-1);display:none\" width=\"354\" height=\"543\" alt=\"R\u00d4DEUR DANDY\" src=\"\" \/><\/div><div id=\"eos-card-3\" data-ID=\"225\" data-front_src=\"https:\/\/chroniquesdelapocalypse.com\/wp-content\/uploads\/2025\/08\/zombie_10_lifetyker_trans.png\" data-title=\"LIFETYKER\" data-link=\"\" class=\"eos-card card-in-deck\" style=\"visibility:hidden;cursor:pointer;z-index:999;width:354px;position:absolute;top:20px;left:50%;margin-left:177.2px;margin-top:3.5px\"><img loading=\"lazy\" decoding=\"async\" style=\"transform:rotate(-5.1496150172645deg)\" class=\"card-back-img\" width=\"354\" height=\"543\" alt=\"LIFETYKER\" src=\"https:\/\/chroniquesdelapocalypse.com\/wp-content\/uploads\/2025\/08\/carte_zombie_verso_avec_arrondi-686x1024.png\" \/><img loading=\"lazy\" decoding=\"async\" class=\"card-front-img\" data-uniqid=\"69f0b88971c15\" data-border_radius=\"\" style=\"transform:rotate(-5.1496150172645deg) scaleX(-1);display:none\" width=\"354\" height=\"543\" alt=\"LIFETYKER\" src=\"\" \/><\/div><div id=\"eos-card-6\" data-ID=\"223\" data-front_src=\"https:\/\/chroniquesdelapocalypse.com\/wp-content\/uploads\/2025\/08\/zombie_04_rodeur_prolo-x3_trans.png\" data-title=\"R\u00d4DEUR PROLO\" data-link=\"\" class=\"eos-card card-in-deck\" style=\"visibility:hidden;cursor:pointer;z-index:999;width:354px;position:absolute;top:20px;left:50%;margin-left:207.2px;margin-top:4px\"><img loading=\"lazy\" decoding=\"async\" style=\"transform:rotate(4.8581544542567deg)\" class=\"card-back-img\" width=\"354\" height=\"543\" alt=\"R\u00d4DEUR PROLO\" src=\"https:\/\/chroniquesdelapocalypse.com\/wp-content\/uploads\/2025\/08\/carte_zombie_verso_avec_arrondi-686x1024.png\" \/><img loading=\"lazy\" decoding=\"async\" class=\"card-front-img\" data-uniqid=\"69f0b88971c15\" data-border_radius=\"\" style=\"transform:rotate(4.8581544542567deg) scaleX(-1);display:none\" width=\"354\" height=\"543\" alt=\"R\u00d4DEUR PROLO\" src=\"\" \/><\/div><div id=\"eos-card-9\" data-ID=\"224\" data-front_src=\"https:\/\/chroniquesdelapocalypse.com\/wp-content\/uploads\/2025\/08\/zombie_05_rodeur_amoche-x3_trans.png\" data-title=\"R\u00d4DEUR AMOCH\u00c9\" data-link=\"\" class=\"eos-card card-in-deck\" style=\"visibility:hidden;cursor:pointer;z-index:999;width:354px;position:absolute;top:20px;left:50%;margin-left:237.3px;margin-top:-6.5px\"><img loading=\"lazy\" decoding=\"async\" style=\"transform:rotate(15.703511737097deg)\" class=\"card-back-img\" width=\"354\" height=\"543\" alt=\"R\u00d4DEUR AMOCH\u00c9\" src=\"https:\/\/chroniquesdelapocalypse.com\/wp-content\/uploads\/2025\/08\/carte_zombie_verso_avec_arrondi-686x1024.png\" \/><img loading=\"lazy\" decoding=\"async\" class=\"card-front-img\" data-uniqid=\"69f0b88971c15\" data-border_radius=\"\" style=\"transform:rotate(15.703511737097deg) scaleX(-1);display:none\" width=\"354\" height=\"543\" alt=\"R\u00d4DEUR AMOCH\u00c9\" src=\"\" \/><\/div><div id=\"eos-card-12\" data-ID=\"226\" data-front_src=\"https:\/\/chroniquesdelapocalypse.com\/wp-content\/uploads\/2025\/08\/zombie_11_rodeuse_BCBG-x3_trans.png\" data-title=\"R\u00d4DEUSE BCBG\" data-link=\"\" class=\"eos-card card-in-deck\" style=\"visibility:hidden;cursor:pointer;z-index:999;width:354px;position:absolute;top:20px;left:50%;margin-left:267.2px;margin-top:0px\"><img loading=\"lazy\" decoding=\"async\" style=\"transform:rotate(24.160961270778deg)\" class=\"card-back-img\" width=\"354\" height=\"543\" alt=\"R\u00d4DEUSE BCBG\" src=\"https:\/\/chroniquesdelapocalypse.com\/wp-content\/uploads\/2025\/08\/carte_zombie_verso_avec_arrondi-686x1024.png\" \/><img loading=\"lazy\" decoding=\"async\" class=\"card-front-img\" data-uniqid=\"69f0b88971c15\" data-border_radius=\"\" style=\"transform:rotate(24.160961270778deg) scaleX(-1);display:none\" width=\"354\" height=\"543\" alt=\"R\u00d4DEUSE BCBG\" src=\"\" \/><\/div><div id=\"eos-card-15\" data-ID=\"222\" data-front_src=\"https:\/\/chroniquesdelapocalypse.com\/wp-content\/uploads\/2025\/08\/zombie_01_zombibear_trans.png\" data-title=\"ZOMBIBEAR\" data-link=\"\" class=\"eos-card card-in-deck\" style=\"visibility:hidden;cursor:pointer;z-index:999;width:354px;position:absolute;top:20px;left:50%;margin-left:297.3px;margin-top:9.5px\"><img loading=\"lazy\" decoding=\"async\" style=\"transform:rotate(35.082808377754deg)\" class=\"card-back-img\" width=\"354\" height=\"543\" alt=\"ZOMBIBEAR\" src=\"https:\/\/chroniquesdelapocalypse.com\/wp-content\/uploads\/2025\/08\/carte_zombie_verso_avec_arrondi-686x1024.png\" \/><img loading=\"lazy\" decoding=\"async\" class=\"card-front-img\" data-uniqid=\"69f0b88971c15\" data-border_radius=\"\" style=\"transform:rotate(35.082808377754deg) scaleX(-1);display:none\" width=\"354\" height=\"543\" alt=\"ZOMBIBEAR\" src=\"\" \/><\/div><\/div><div class=\"card-front-wrp\" style=\"z-index:-1;position:relative;overflow:hidden\"><\/div><\/div><\/div><div style=\"margin-top:0\" class=\"eos-mix-cards-wrp eos-hidden center\"><input type=\"submit\" class=\"refresh-cards button\" style=\"white-space:normal\" value=\"Mix the cards\" \/><\/div><div id=\"eos-card-btn-wrp\" style=\"margin-top:0\" class=\"eos-hidden center\"><input type=\"submit\" style=\"white-space:normal\" class=\"take-a-card button\" value=\"Pick your card\" \/><\/div><div class=\"eos-card-content\" style=\"padding-top:20px;min-height:0\"><\/div><\/div><style scoped>.eos-cards-deck-wrp{padding-bottom:568.3px}.oracle-cards-wrapper .card-back-img,.oracle-cards-wrapper .card-front-img{width:354px;height:543px}.oc-on-focus{transform:scale(1.03) translateY(-4px);box-shadow:0 12px 24px rgba(0,0,0,0.2);z-index:10}@media screen and (max-width:454px){.oracle-cards-wrapper .card-back-img,.oracle-cards-wrapper .card-front-img{max-width:100%;height:auto}.eos-cards-deck-wrp{padding-bottom:calc(153% - 58.4px)}}<\/style><!-- Oracle Cards End --><\/strong><\/strong><\/p>\n\n\n\n<p class=\"has-text-align-center\">Il y a beaucoup d&rsquo;autres zombies \u00e0 d\u00e9couvrir \u00e0 travers les 35 cartes zombies du jeu ! <\/p>\n","protected":false},"excerpt":{"rendered":"<p>Voici quelques exemples de zombies et autres cr\u00e9atures que tu pourrais croiser sur ta route en jouant aux Chroniques de l&rsquo;Apocalypse : Il y a beaucoup d&rsquo;autres zombies \u00e0 d\u00e9couvrir \u00e0 travers les 35 cartes zombies du jeu !<\/p>\n","protected":false},"author":1,"featured_media":0,"parent":0,"menu_order":0,"comment_status":"closed","ping_status":"closed","template":"","meta":{"_monsterinsights_skip_tracking":false,"_monsterinsights_sitenote_active":false,"_monsterinsights_sitenote_note":"","_monsterinsights_sitenote_category":0,"footnotes":""},"class_list":["post-228","page","type-page","status-publish","hentry"],"aioseo_notices":[],"_links":{"self":[{"href":"https:\/\/chroniquesdelapocalypse.com\/index.php\/wp-json\/wp\/v2\/pages\/228","targetHints":{"allow":["GET"]}}],"collection":[{"href":"https:\/\/chroniquesdelapocalypse.com\/index.php\/wp-json\/wp\/v2\/pages"}],"about":[{"href":"https:\/\/chroniquesdelapocalypse.com\/index.php\/wp-json\/wp\/v2\/types\/page"}],"author":[{"embeddable":true,"href":"https:\/\/chroniquesdelapocalypse.com\/index.php\/wp-json\/wp\/v2\/users\/1"}],"replies":[{"embeddable":true,"href":"https:\/\/chroniquesdelapocalypse.com\/index.php\/wp-json\/wp\/v2\/comments?post=228"}],"version-history":[{"count":2,"href":"https:\/\/chroniquesdelapocalypse.com\/index.php\/wp-json\/wp\/v2\/pages\/228\/revisions"}],"predecessor-version":[{"id":231,"href":"https:\/\/chroniquesdelapocalypse.com\/index.php\/wp-json\/wp\/v2\/pages\/228\/revisions\/231"}],"wp:attachment":[{"href":"https:\/\/chroniquesdelapocalypse.com\/index.php\/wp-json\/wp\/v2\/media?parent=228"}],"curies":[{"name":"wp","href":"https:\/\/api.w.org\/{rel}","templated":true}]}}