{"id":113,"date":"2025-08-17T01:14:29","date_gmt":"2025-08-16T23:14:29","guid":{"rendered":"https:\/\/chroniquesdelapocalypse.com\/?page_id=113"},"modified":"2026-04-18T02:36:19","modified_gmt":"2026-04-18T00:36:19","slug":"decouvrir-le-jeu","status":"publish","type":"page","link":"https:\/\/chroniquesdelapocalypse.com\/index.php\/decouvrir-le-jeu\/","title":{"rendered":"\u00c9crivez votre propre histoire de l&rsquo;apocalypse !"},"content":{"rendered":"\n<p class=\"has-text-align-center\"><\/p>\n\n\n\n<p class=\"has-text-align-center\"><strong><em>\u00ab\u00a0Quiconque lutte contre des monstres devrait prendre garde, dans le combat, \u00e0 ne pas devenir monstre lui-m\u00eame.\u00a0\u00bb<\/em><\/strong><\/p>\n\n\n\n<p class=\"has-text-align-right\">Friedrich Nietzsche<\/p>\n\n\n\n<p><strong>Les Chroniques de l\u2019Apocalypse est un jeu de soci\u00e9t\u00e9 m\u00ealant survie, exploration et combats au tour par tour. Selon la volont\u00e9 des joueurs, la partie peut aussi bien \u00eatre coop\u00e9rative que comp\u00e9titive.<\/strong><\/p>\n\n\n\n<figure class=\"wp-block-image size-large\"><img loading=\"lazy\" decoding=\"async\" width=\"1024\" height=\"922\" src=\"https:\/\/chroniquesdelapocalypse.com\/wp-content\/uploads\/2025\/08\/the_box-1024x922.png\" alt=\"\" class=\"wp-image-114\" srcset=\"https:\/\/chroniquesdelapocalypse.com\/wp-content\/uploads\/2025\/08\/the_box-1024x922.png 1024w, https:\/\/chroniquesdelapocalypse.com\/wp-content\/uploads\/2025\/08\/the_box-300x270.png 300w, https:\/\/chroniquesdelapocalypse.com\/wp-content\/uploads\/2025\/08\/the_box-768x691.png 768w, https:\/\/chroniquesdelapocalypse.com\/wp-content\/uploads\/2025\/08\/the_box.png 1200w\" sizes=\"auto, (max-width: 1024px) 100vw, 1024px\" \/><\/figure>\n\n\n\n<figure class=\"wp-block-embed is-type-video is-provider-youtube wp-block-embed-youtube wp-embed-aspect-16-9 wp-has-aspect-ratio\"><div class=\"wp-block-embed__wrapper\">\n<iframe loading=\"lazy\" title=\"[Trailer] Les Chroniques de l&#039;Apocalypse - Jeu de soci\u00e9t\u00e9\" width=\"500\" height=\"281\" src=\"https:\/\/www.youtube.com\/embed\/GbuqdPBH0Kc?feature=oembed\" frameborder=\"0\" allow=\"accelerometer; autoplay; clipboard-write; encrypted-media; gyroscope; picture-in-picture; web-share\" referrerpolicy=\"strict-origin-when-cross-origin\" allowfullscreen><\/iframe>\n<\/div><\/figure>\n\n\n\n<p>Tu incarnes <strong><a href=\"https:\/\/chroniquesdelapocalypse.com\/index.php\/choisi-ton-survivant\/\" title=\"\">un survivant<\/a><\/strong> qui se r\u00e9veille dans un monde d\u00e9vast\u00e9 et dangereux, peupl\u00e9 de morts-vivants. Tu vas devoir inspecter chaque lieu que tu visites pour trouver de quoi te nourrir et assurer ta survie. Avec un peu de chance, tu trouveras d&rsquo;autres survivants et tu formeras ton propre clan. Coop\u00e9rer avec les autres joueurs ou les affronter pour r\u00e9cup\u00e9rer leur marchandise ? Le choix t&rsquo;appartient. Si tu te fais d\u00e9vorer, tu reviendras dans la partie en tant que zombie pour donner des sueurs froides aux autres survivants encore en lice&#8230; Le dernier survivant encore en vie gagne la partie !<\/p>\n\n\n\n<p>C&rsquo;est \u00e0 la fois un jeu d&rsquo;exploration, d&rsquo;\u00e9changes et de gestion de mat\u00e9riel. Le hasard y joue une part importante. Chaque joueur d\u00e9marre son tour par une phase d&rsquo;exploration : Ils posent des tuiles, piochent des cartes et s&rsquo;il y a une phase de combat, ils lancent des d\u00e9s pour attaquer.<\/p>\n\n\n\n<p>Lorsque tous les joueurs autour de la table ont jou\u00e9, la nuit tombe. Les survivants \u00e9puis\u00e9es et affam\u00e9s perdent un point de vie, tandis que les joueurs zombies ne dorment pas et avancent&#8230;<\/p>\n\n\n\n<figure class=\"wp-block-image size-large\"><img loading=\"lazy\" decoding=\"async\" width=\"1584\" height=\"792\" src=\"https:\/\/chroniquesdelapocalypse.com\/wp-content\/uploads\/2025\/08\/large_zombie_horde-edited.png\" alt=\"\" class=\"wp-image-116\" srcset=\"https:\/\/chroniquesdelapocalypse.com\/wp-content\/uploads\/2025\/08\/large_zombie_horde-edited.png 1584w, https:\/\/chroniquesdelapocalypse.com\/wp-content\/uploads\/2025\/08\/large_zombie_horde-edited-300x150.png 300w, https:\/\/chroniquesdelapocalypse.com\/wp-content\/uploads\/2025\/08\/large_zombie_horde-edited-1024x512.png 1024w, https:\/\/chroniquesdelapocalypse.com\/wp-content\/uploads\/2025\/08\/large_zombie_horde-edited-768x384.png 768w, https:\/\/chroniquesdelapocalypse.com\/wp-content\/uploads\/2025\/08\/large_zombie_horde-edited-1536x768.png 1536w\" sizes=\"auto, (max-width: 1584px) 100vw, 1584px\" \/><\/figure>\n\n\n\n<p><\/p>\n\n\n\n<p class=\"has-large-font-size\"><strong>Un jeu \u00e0 l&rsquo;univers post-apocalyptique aux m\u00e9caniques originales :<\/strong><\/p>\n\n\n\n<ul class=\"wp-block-list\">\n<li>Le syst\u00e8me de placement al\u00e9atoire sur la carte des joueurs en d\u00e9but de partie.<\/li>\n<\/ul>\n\n\n\n<ul class=\"wp-block-list\">\n<li>Les sc\u00e9narios possibles en cas de rencontre entre joueurs : \u00c9changes, Alliance ou Affrontement.<\/li>\n<\/ul>\n\n\n\n<ul class=\"wp-block-list\">\n<li>Le fait que les joueurs survivants deviennent des zombies s&rsquo;ils meurent. Ils sont alors capables de r\u00e9unir une horde, devenant ainsi un danger pour les survivants restant.<\/li>\n<\/ul>\n\n\n\n<ul class=\"wp-block-list\">\n<li>La carte du jeu qui se d\u00e9voile au fur et \u00e0 mesure et de fa\u00e7on al\u00e9atoire, offrant ainsi une exp\u00e9rience diff\u00e9rente \u00e0 chaque partie.<\/li>\n<\/ul>\n\n\n\n<figure class=\"wp-block-image size-large\"><img loading=\"lazy\" decoding=\"async\" width=\"1024\" height=\"768\" src=\"https:\/\/chroniquesdelapocalypse.com\/wp-content\/uploads\/2025\/08\/20250706_141412-1024x768.jpg\" alt=\"\" class=\"wp-image-117\" srcset=\"https:\/\/chroniquesdelapocalypse.com\/wp-content\/uploads\/2025\/08\/20250706_141412-1024x768.jpg 1024w, https:\/\/chroniquesdelapocalypse.com\/wp-content\/uploads\/2025\/08\/20250706_141412-300x225.jpg 300w, https:\/\/chroniquesdelapocalypse.com\/wp-content\/uploads\/2025\/08\/20250706_141412-768x576.jpg 768w, https:\/\/chroniquesdelapocalypse.com\/wp-content\/uploads\/2025\/08\/20250706_141412-1536x1152.jpg 1536w, https:\/\/chroniquesdelapocalypse.com\/wp-content\/uploads\/2025\/08\/20250706_141412-2048x1536.jpg 2048w\" sizes=\"auto, (max-width: 1024px) 100vw, 1024px\" \/><\/figure>\n\n\n\n<p class=\"has-large-font-size\"><strong>D\u00e9roulement d&rsquo;une partie :<\/strong><\/p>\n\n\n\n<p>1) Les joueurs choisissent au hasard <strong><a href=\"https:\/\/chroniquesdelapocalypse.com\/index.php\/choisi-ton-survivant\/\" title=\"\">le survivant<\/a><\/strong> qu&rsquo;ils vont incarner pendant toute la partie, puis ils lancent deux fois le duo de d\u00e9s pour connaitre les coordonn\u00e9es de leur point de d\u00e9part sur la carte.<\/p>\n\n\n\n<p>2) \u00c0 chaque tour, ils piochent au hasard une nouvelle parcelle de terrain pour avancer, c&rsquo;est la phase d&rsquo;exploration. Ils doivent ensuite suivre les instructions sur la parcelle qu&rsquo;ils ont plac\u00e9 sur la carte. Par exemple : Prendre une carte Survivant, piocher des cartes Objets&#8230; Parfois ils peuvent arriver sur des parcelles sp\u00e9ciales appel\u00e9es <strong><a href=\"https:\/\/chroniquesdelapocalypse.com\/index.php\/les-lieux-mysterieux\/\" title=\"\">Lieux Myst\u00e9rieux<\/a><\/strong>. Ces lieux font avancer l&rsquo;histoire, dont les p\u00e9rip\u00e9ties peuvent s&rsquo;av\u00e9rer b\u00e9n\u00e9fique, mais parfois dangereuses pour le joueur  qui les d\u00e9couvre. Souvent, il devra faire des choix difficiles.<\/p>\n\n\n\n<p>3) En cas de rencontre avec un ou plusieurs <strong><a href=\"https:\/\/chroniquesdelapocalypse.com\/index.php\/le-bestiaire-zombie\/\" title=\"\">zombies<\/a><\/strong>, le jeu passe en phase d&rsquo;affrontement.<br>Le joueur qui doit combattre se munit de son poste de combat et peut \u00e9quiper ses survivants avec les armes qu&rsquo;il a trouv\u00e9 au cours de ses explorations pour augmenter ses chances de victoire.<\/p>\n\n\n\n<p>4) S&rsquo;ils se rencontrent, des joueurs peuvent s&rsquo;allier et ainsi devenir plus forts, ou au contraire s&rsquo;affronter pour s&rsquo;accaparer le mat\u00e9riel de l&rsquo;autre joueur.<\/p>\n\n\n\n<p>5) Si l&rsquo;un des joueurs meurt, il devient un <strong><a href=\"https:\/\/chroniquesdelapocalypse.com\/index.php\/le-bestiaire-zombie\/\" title=\"\">zombie<\/a><\/strong> au tour suivant. Il peut alors former une horde et attaquer les autres joueurs encore vivants.<\/p>\n\n\n\n<p>6) Le jeu se poursuit jusqu&rsquo;\u00e0 ce que toutes les <strong><a href=\"https:\/\/chroniquesdelapocalypse.com\/index.php\/choisi-ton-survivant\/\" title=\"\">cartes survivants<\/a><\/strong> aient \u00e9t\u00e9 pioch\u00e9es, ou jusqu&rsquo;\u00e0 ce qu&rsquo;il ne reste plus qu&rsquo;un seul joueur survivant en vie.<\/p>\n\n\n\n<p><\/p>\n\n\n\n<p class=\"has-text-align-center\"><em><strong>\u00ab\u00a0Alors, jusqu&rsquo;o\u00f9 seras-tu pr\u00eat \u00e0 aller pour sauver ta peau ?\u00a0\u00bb<\/strong><\/em><\/p>\n\n\n\n<figure class=\"wp-block-image size-large\"><img loading=\"lazy\" decoding=\"async\" width=\"1024\" height=\"502\" src=\"https:\/\/chroniquesdelapocalypse.com\/wp-content\/uploads\/2025\/08\/sarah_wolf_good-1024x502.png\" alt=\"\" class=\"wp-image-119\" srcset=\"https:\/\/chroniquesdelapocalypse.com\/wp-content\/uploads\/2025\/08\/sarah_wolf_good-1024x502.png 1024w, https:\/\/chroniquesdelapocalypse.com\/wp-content\/uploads\/2025\/08\/sarah_wolf_good-300x147.png 300w, https:\/\/chroniquesdelapocalypse.com\/wp-content\/uploads\/2025\/08\/sarah_wolf_good-768x377.png 768w, https:\/\/chroniquesdelapocalypse.com\/wp-content\/uploads\/2025\/08\/sarah_wolf_good-1536x754.png 1536w, https:\/\/chroniquesdelapocalypse.com\/wp-content\/uploads\/2025\/08\/sarah_wolf_good-2048x1005.png 2048w\" sizes=\"auto, (max-width: 1024px) 100vw, 1024px\" \/><\/figure>\n","protected":false},"excerpt":{"rendered":"<p>\u00ab\u00a0Quiconque lutte contre des monstres devrait prendre garde, dans le combat, \u00e0 ne pas devenir monstre lui-m\u00eame.\u00a0\u00bb Friedrich Nietzsche Les Chroniques de l\u2019Apocalypse est un jeu de soci\u00e9t\u00e9 m\u00ealant survie, exploration et combats au tour par tour. Selon la volont\u00e9 des joueurs, la partie peut aussi bien \u00eatre coop\u00e9rative que comp\u00e9titive. Tu incarnes un survivant [&hellip;]<\/p>\n","protected":false},"author":1,"featured_media":0,"parent":0,"menu_order":0,"comment_status":"closed","ping_status":"closed","template":"","meta":{"_monsterinsights_skip_tracking":false,"_monsterinsights_sitenote_active":false,"_monsterinsights_sitenote_note":"","_monsterinsights_sitenote_category":0,"footnotes":""},"class_list":["post-113","page","type-page","status-publish","hentry"],"aioseo_notices":[],"_links":{"self":[{"href":"https:\/\/chroniquesdelapocalypse.com\/index.php\/wp-json\/wp\/v2\/pages\/113","targetHints":{"allow":["GET"]}}],"collection":[{"href":"https:\/\/chroniquesdelapocalypse.com\/index.php\/wp-json\/wp\/v2\/pages"}],"about":[{"href":"https:\/\/chroniquesdelapocalypse.com\/index.php\/wp-json\/wp\/v2\/types\/page"}],"author":[{"embeddable":true,"href":"https:\/\/chroniquesdelapocalypse.com\/index.php\/wp-json\/wp\/v2\/users\/1"}],"replies":[{"embeddable":true,"href":"https:\/\/chroniquesdelapocalypse.com\/index.php\/wp-json\/wp\/v2\/comments?post=113"}],"version-history":[{"count":11,"href":"https:\/\/chroniquesdelapocalypse.com\/index.php\/wp-json\/wp\/v2\/pages\/113\/revisions"}],"predecessor-version":[{"id":288,"href":"https:\/\/chroniquesdelapocalypse.com\/index.php\/wp-json\/wp\/v2\/pages\/113\/revisions\/288"}],"wp:attachment":[{"href":"https:\/\/chroniquesdelapocalypse.com\/index.php\/wp-json\/wp\/v2\/media?parent=113"}],"curies":[{"name":"wp","href":"https:\/\/api.w.org\/{rel}","templated":true}]}}